{"id":1368,"date":"2020-03-09T12:45:13","date_gmt":"2020-03-09T11:45:13","guid":{"rendered":"https:\/\/winnabutla.pl\/?page_id=1368"},"modified":"2023-11-17T08:27:51","modified_gmt":"2023-11-17T07:27:51","slug":"nowa","status":"publish","type":"page","link":"https:\/\/winnabutla.pl\/","title":{"rendered":"Nowa"},"content":{"rendered":"<p>[et_pb_section fb_built=&#8221;1&#8243; inner_shadow=&#8221;on&#8221; _builder_version=&#8221;4.0.9&#8243; background_color=&#8221;rgba(0,0,0,0)&#8221; background_image=&#8221;https:\/\/winnabutla.pl\/wp-content\/uploads\/2021\/07\/2w41412-1.jpg&#8221; background_position=&#8221;top_left&#8221; background_enable_video_mp4=&#8221;off&#8221; custom_margin=&#8221;-158px||0px||false|false&#8221; custom_padding=&#8221;0px||0px|||&#8221;][et_pb_row column_structure=&#8221;1_2,1_2&#8243; custom_padding_last_edited=&#8221;on|phone&#8221; _builder_version=&#8221;4.0.9&#8243; min_height=&#8221;129px&#8221; custom_margin=&#8221;7px|auto|-14px|auto|false|false&#8221; custom_margin_tablet=&#8221;&#8221; custom_margin_phone=&#8221;-95px||||false|false&#8221; custom_margin_last_edited=&#8221;on|phone&#8221; custom_padding=&#8221;0px||85px||false|false&#8221; custom_padding_tablet=&#8221;&#8221; custom_padding_phone=&#8221;||0px||false|false&#8221;][et_pb_column type=&#8221;1_2&#8243; _builder_version=&#8221;4.0.9&#8243;][et_pb_text _builder_version=&#8221;4.0.9&#8243; text_font=&#8221;Forum||||||||&#8221; text_text_color=&#8221;#ffffff&#8221; text_font_size=&#8221;88px&#8221; text_letter_spacing=&#8221;2px&#8221; text_line_height=&#8221;1.1em&#8221; custom_padding=&#8221;199px||0px||false|false&#8221; custom_padding_tablet=&#8221;&#8221; custom_padding_phone=&#8221;45px||0px||false|false&#8221; custom_padding_last_edited=&#8221;on|phone&#8221; text_font_size_tablet=&#8221;&#8221; text_font_size_phone=&#8221;65px&#8221; text_font_size_last_edited=&#8221;on|phone&#8221; text_text_shadow_style=&#8221;preset1&#8243;]<\/p>\n<p>All you<br \/> need is&#8230;<br \/> WINE<\/p>\n<p>[\/et_pb_text][et_pb_button button_url=&#8221;#ofertawin&#8221; url_new_window=&#8221;on&#8221; button_text=&#8221;OFERTA&#8221; disabled_on=&#8221;off|off|off&#8221; _builder_version=&#8221;4.0.9&#8243; custom_button=&#8221;on&#8221; button_text_size=&#8221;17px&#8221; button_text_color=&#8221;#ffffff&#8221; button_border_width=&#8221;2px&#8221; custom_margin=&#8221;17px|0px|0px|14px|false|false&#8221; custom_margin_tablet=&#8221;&#8221; custom_margin_phone=&#8221;-49px||125px|25px|false|false&#8221; custom_margin_last_edited=&#8221;on|phone&#8221; custom_padding=&#8221;0px|16px|4px|16px|false|false&#8221; button_text_size_tablet=&#8221;&#8221; button_text_size_phone=&#8221;7px&#8221; button_text_size_last_edited=&#8221;on|phone&#8221; button_text_shadow_style=&#8221;preset1&#8243;][\/et_pb_button][\/et_pb_column][et_pb_column type=&#8221;1_2&#8243; _builder_version=&#8221;4.0.9&#8243;][et_pb_text _builder_version=&#8221;4.0.9&#8243; text_text_color=&#8221;#ffffff&#8221; custom_margin=&#8221;538px|-72px|-79px||false|false&#8221; custom_margin_tablet=&#8221;&#8221; custom_margin_phone=&#8221;-90px||20px||false|false&#8221; custom_margin_last_edited=&#8221;on|phone&#8221; custom_padding=&#8221;0px|0px|15px|152px|false|false&#8221; text_text_shadow_style=&#8221;preset5&#8243;]<\/p>\n<p>Tradycyjne procesy, nowoczesne po\u0142\u0105czenia aromat\u00f3w, niespotykane smaki poznaj doskona\u0142e Rumu\u0144skie,Mo\u0142dawskie i Gruzi\u0144skie wina.<\/p>\n<p>[\/et_pb_text][\/et_pb_column][\/et_pb_row][\/et_pb_section][et_pb_section fb_built=&#8221;1&#8243; module_id=&#8221;ofertawin&#8221; _builder_version=&#8221;4.0.9&#8243; background_color=&#8221;#f4f4f4&#8243; custom_padding=&#8221;0px||1px|||&#8221;][et_pb_row _builder_version=&#8221;4.0.9&#8243; custom_padding=&#8221;14px||0px|||&#8221;][et_pb_column type=&#8221;4_4&#8243; _builder_version=&#8221;4.0.9&#8243;][et_pb_image src=&#8221;https:\/\/winnabutla.pl\/wp-content\/uploads\/2020\/03\/Wyjatkowe-Aromaty-300&#215;60.png&#8221; align=&#8221;center&#8221; _builder_version=&#8221;4.0.9&#8243; width=&#8221;62%&#8221; custom_margin=&#8221;||-3px|||&#8221; custom_padding=&#8221;0px|||||&#8221;][\/et_pb_image][et_pb_text _builder_version=&#8221;4.0.9&#8243; text_font=&#8221;Montserrat||||||||&#8221; text_font_size=&#8221;16px&#8221;]<\/p>\n<p style=\"text-align: center;\">W naszej ofercie znajdziesz wina pochodz\u0105ce z Rumunii, Mo\u0142dawii oraz Gruzji.<\/p>\n<p>[\/et_pb_text][\/et_pb_column][\/et_pb_row][et_pb_row column_structure=&#8221;1_3,1_3,1_3&#8243; _builder_version=&#8221;4.0.9&#8243; custom_margin=&#8221;-8px|134px|48px|auto||&#8221; custom_margin_tablet=&#8221;&#8221; custom_margin_phone=&#8221;|0px||50px|false|false&#8221; custom_margin_last_edited=&#8221;on|phone&#8221;][et_pb_column type=&#8221;1_3&#8243; _builder_version=&#8221;4.0.9&#8243; background_image=&#8221;https:\/\/winnabutla.pl\/wp-content\/uploads\/2020\/03\/mapka1-1-1.jpg&#8221; background_size=&#8221;contain&#8221; border_color_all=&#8221;rgba(0,0,0,0)&#8221; border_width_all__hover_enabled=&#8221;on|hover&#8221; border_width_all__hover=&#8221;5px&#8221; border_radii__hover_enabled=&#8221;on|hover&#8221;][et_pb_image src=&#8221;https:\/\/winnabutla.pl\/wp-content\/uploads\/2021\/07\/Castel-Huniade-Feteasca-Regala-TIFF-200&#215;300.png&#8221; url=&#8221;https:\/\/winnabutla.pl\/index.php\/products-category\/wina-rumunskie-2\/&#8221; align=&#8221;center&#8221; _builder_version=&#8221;4.0.9&#8243; background_enable_image=&#8221;off&#8221; max_width=&#8221;100%&#8221; max_height=&#8221;343px&#8221; max_height_tablet=&#8221;&#8221; max_height_phone=&#8221;298px&#8221; max_height_last_edited=&#8221;on|phone&#8221; custom_padding=&#8221;||66px|0px|false|false&#8221; animation_style=&#8221;slide&#8221; animation_direction=&#8221;left&#8221;][\/et_pb_image][\/et_pb_column][et_pb_column type=&#8221;1_3&#8243; _builder_version=&#8221;4.0.9&#8243; background_image=&#8221;https:\/\/winnabutla.pl\/wp-content\/uploads\/2020\/03\/mapka2-1-1.jpg&#8221; background_size=&#8221;contain&#8221; border_color_all=&#8221;rgba(0,0,0,0)&#8221; border_width_all__hover_enabled=&#8221;on|hover&#8221; border_width_all__hover=&#8221;5px&#8221; border_radii__hover_enabled=&#8221;on|hover&#8221;][et_pb_image src=&#8221;https:\/\/winnabutla.pl\/wp-content\/uploads\/2021\/09\/Era-Chardonnay-239&#215;300.png&#8221; url=&#8221;https:\/\/winnabutla.pl\/index.php\/products-category\/wina-moldawskie-2\/&#8221; align=&#8221;center&#8221; _builder_version=&#8221;4.0.9&#8243; background_enable_image=&#8221;off&#8221; max_width=&#8221;100%&#8221; max_height=&#8221;343px&#8221; max_height_tablet=&#8221;&#8221; max_height_phone=&#8221;298px&#8221; max_height_last_edited=&#8221;on|phone&#8221; custom_padding=&#8221;||63px|0px|false|false&#8221; animation_style=&#8221;slide&#8221; animation_direction=&#8221;top&#8221;][\/et_pb_image][\/et_pb_column][et_pb_column type=&#8221;1_3&#8243; _builder_version=&#8221;4.0.9&#8243; background_image=&#8221;https:\/\/winnabutla.pl\/wp-content\/uploads\/2020\/03\/mapka3-1.jpg&#8221; background_size=&#8221;contain&#8221; border_color_all=&#8221;rgba(0,0,0,0)&#8221; border_width_all__hover_enabled=&#8221;on|hover&#8221; border_width_all__hover=&#8221;5px&#8221; border_radii__hover_enabled=&#8221;on|hover&#8221;][et_pb_image src=&#8221;https:\/\/winnabutla.pl\/wp-content\/uploads\/2021\/09\/Geowine-Tsinandali-239&#215;300.png&#8221; url=&#8221;https:\/\/winnabutla.pl\/index.php\/products-category\/wina-gruzinskie\/&#8221; align=&#8221;center&#8221; _builder_version=&#8221;4.0.9&#8243; background_enable_image=&#8221;off&#8221; width=&#8221;100%&#8221; max_width=&#8221;100%&#8221; max_height=&#8221;343px&#8221; max_height_tablet=&#8221;&#8221; max_height_phone=&#8221;298px&#8221; max_height_last_edited=&#8221;on|phone&#8221; custom_padding=&#8221;||63px|0px|false|false&#8221; animation_style=&#8221;slide&#8221; animation_direction=&#8221;right&#8221;][\/et_pb_image][\/et_pb_column][\/et_pb_row][\/et_pb_section][et_pb_section fb_built=&#8221;1&#8243; module_id=&#8221;onas&#8221; _builder_version=&#8221;4.0.9&#8243; background_color=&#8221;#f4f4f4&#8243; custom_padding=&#8221;2px||0px|||&#8221;][et_pb_row column_structure=&#8221;1_2,1_2&#8243; use_custom_gutter=&#8221;on&#8221; gutter_width=&#8221;4&#8243; _builder_version=&#8221;4.0.9&#8243; width=&#8221;100%&#8221; min_height=&#8221;581px&#8221; custom_padding=&#8221;0px||0px|||&#8221;][et_pb_column type=&#8221;1_2&#8243; _builder_version=&#8221;4.0.9&#8243;][et_pb_image src=&#8221;https:\/\/winnabutla.pl\/wp-content\/uploads\/2020\/03\/Zdj\u0119cie_sekcja.jpg&#8221; _builder_version=&#8221;4.0.9&#8243; max_width_tablet=&#8221;&#8221; max_width_phone=&#8221;96%&#8221; max_width_last_edited=&#8221;on|phone&#8221; module_alignment=&#8221;center&#8221; custom_margin=&#8221;|-27px|-5px|||&#8221; custom_padding=&#8221;||0px|||&#8221;][\/et_pb_image][et_pb_image src=&#8221;https:\/\/winnabutla.pl\/wp-content\/uploads\/2020\/03\/tlo-253&#215;300.png&#8221; align=&#8221;right&#8221; _builder_version=&#8221;4.0.9&#8243; max_width=&#8221;34%&#8221; custom_margin=&#8221;||-274px|-36px|false|false&#8221; custom_padding=&#8221;45px||0px||false|false&#8221; animation_style=&#8221;slide&#8221; animation_direction=&#8221;left&#8221;][\/et_pb_image][\/et_pb_column][et_pb_column type=&#8221;1_2&#8243; _builder_version=&#8221;4.0.9&#8243;][et_pb_image src=&#8221;https:\/\/winnabutla.pl\/wp-content\/uploads\/2020\/03\/slajder-300&#215;50.png&#8221; align=&#8221;center&#8221; show_bottom_space_last_edited=&#8221;off|phone&#8221; _builder_version=&#8221;4.0.9&#8243; max_width=&#8221;100%&#8221; module_alignment=&#8221;center&#8221; custom_margin=&#8221;-18px||23px||false|false&#8221; custom_margin_tablet=&#8221;&#8221; custom_margin_phone=&#8221;57px||-51px||false|false&#8221; custom_margin_last_edited=&#8221;on|phone&#8221; custom_padding=&#8221;88px|98px||||&#8221; custom_padding_tablet=&#8221;&#8221; custom_padding_phone=&#8221;2px|0px|||false|false&#8221; custom_padding_last_edited=&#8221;on|phone&#8221;][\/et_pb_image][et_pb_text _builder_version=&#8221;4.0.9&#8243; text_font=&#8221;Montserrat||||||||&#8221; custom_padding=&#8221;|153px||||&#8221; custom_padding_tablet=&#8221;&#8221; custom_padding_phone=&#8221;72px|33px||65px|false|false&#8221; custom_padding_last_edited=&#8221;on|phone&#8221;]<\/p>\n<p style=\"text-align: center;\"><span>Winna butla to firma zajmuj\u0105ca si\u0119 dystrybucj\u0105 win z Mo\u0142dawii, Rumunii oraz Gruzji. Dzia\u0142alno\u015b\u0107 powsta\u0142a z pasji do win oraz z potrzeby poszukiwania nowych aromat\u00f3w.<br \/> <\/span><span style=\"font-size: 14px;\">Dzi\u0119ki podr\u00f3\u017cy do wybranych przez nas winnic, mamy pewno\u015b\u0107, \u017ce wina, kt\u00f3re Pa\u0144stwu proponujemy spe\u0142ni\u0105 oczekiwania najbardziej wymagaj\u0105cych degustator\u00f3w.<br \/> <\/span><span style=\"font-size: 14px;\">W naszej ofercie znajd\u0105 Pa\u0144stwo kilkana\u015bcie wyselekcjonowanych rodzaj\u00f3w wina, kt\u00f3re idealnie sprawdz\u0105 si\u0119 na wszelkiego rodzaju okazje.<\/span><\/p>\n<p>[\/et_pb_text][et_pb_image src=&#8221;https:\/\/winnabutla.pl\/wp-content\/uploads\/2020\/03\/tlo2-253&#215;300.png&#8221; align=&#8221;right&#8221; disabled_on=&#8221;on|off|off&#8221; _builder_version=&#8221;4.0.9&#8243; max_width=&#8221;54%&#8221; custom_margin=&#8221;-16px||-260px||false|false&#8221; custom_padding=&#8221;0px||0px|0px|false|false&#8221; animation_style=&#8221;slide&#8221; animation_direction=&#8221;right&#8221;][\/et_pb_image][\/et_pb_column][\/et_pb_row][\/et_pb_section][et_pb_section fb_built=&#8221;1&#8243; _builder_version=&#8221;4.0.9&#8243; background_color=&#8221;#f4f4f4&#8243; background_enable_image=&#8221;off&#8221; background_size=&#8221;initial&#8221; background_position=&#8221;center_left&#8221; custom_margin=&#8221;||-24px|||&#8221; custom_padding=&#8221;0px||37px||false|false&#8221;][et_pb_row disabled_on=&#8221;off|off|off&#8221; _builder_version=&#8221;4.0.9&#8243; background_color=&#8221;rgba(0,0,0,0)&#8221; custom_margin=&#8221;-50px|auto|19px|auto||&#8221; custom_padding=&#8221;17px|8px|17px|0px||&#8221;][et_pb_column type=&#8221;4_4&#8243; _builder_version=&#8221;4.0.9&#8243;][et_pb_image src=&#8221;https:\/\/winnabutla.pl\/wp-content\/uploads\/2020\/03\/gdzie-300&#215;50.png&#8221; align=&#8221;center&#8221; module_id=&#8221;lokalizacje&#8221; _builder_version=&#8221;4.0.9&#8243; max_width=&#8221;53%&#8221; module_alignment=&#8221;center&#8221; custom_margin=&#8221;63px||||false|false&#8221;][\/et_pb_image][et_pb_text _builder_version=&#8221;4.0.9&#8243; text_font=&#8221;Montserrat||||||||&#8221; text_font_size=&#8221;15px&#8221; custom_margin=&#8221;|136px|48px|45px|false|false&#8221; custom_margin_tablet=&#8221;&#8221; custom_margin_phone=&#8221;|0px||0px|false|false&#8221; custom_margin_last_edited=&#8221;on|phone&#8221; custom_padding=&#8221;|11px||51px|false|false&#8221;]<\/p>\n<p style=\"text-align: center;\">Sukcesywnie powi\u0119ksza si\u0119 lista miejsc, w kt\u00f3rych jeste\u015bmy dost\u0119pni. Mapy s\u0105 na bie\u017c\u0105co aktualizowane. Sprawd\u017a czy dotarli\u015bmy ju\u017c do Twojej okolicy.<br \/> <span><\/span><\/p>\n<p>&nbsp;<\/p>\n<p>[\/et_pb_text][et_pb_code _builder_version=&#8221;4.0.9&#8243; background_color=&#8221;rgba(0,0,0,0)&#8221; custom_margin=&#8221;47px|-6px|-18px|||&#8221; custom_padding=&#8221;|3px|0px|0px||&#8221;]<style>\r\n\t#wpsl-stores .wpsl-store-thumb {height:45px !important; width:45px !important;}\r\n\t#wpsl-stores, #wpsl-direction-details, #wpsl-gmap {height:350px !important;}\r\n\t#wpsl-gmap .wpsl-info-window {max-width:225px !important;}\r\n\t.wpsl-input label, #wpsl-radius label, #wpsl-category label {width:95px;}\r\n\t#wpsl-search-input  {width:179px;}\r\n<\/style>\r\n<div id=\"wpsl-wrap\">\r\n\t<div class=\"wpsl-search wpsl-clearfix wpsl-no-filters\">\r\n\t\t<div id=\"wpsl-search-wrap\">\r\n\t\t\t<form autocomplete=\"off\">\r\n\t\t\t<div class=\"wpsl-input\">\r\n\t\t\t\t<div><label for=\"wpsl-search-input\">Miejscowo\u015b\u0107:<\/label><\/div>\r\n\t\t\t\t<input id=\"wpsl-search-input\" type=\"text\" value=\"\" name=\"wpsl-search-input\" placeholder=\"\" aria-required=\"true\" \/>\r\n\t\t\t<\/div>\r\n\t\t\t\t<div class=\"wpsl-search-btn-wrap\"><input id=\"wpsl-search-btn\" type=\"submit\" value=\"Szukaj\"><\/div>\r\n\t\t<\/form>\r\n\t\t<\/div>\r\n\t<\/div>\r\n\t<div id=\"wpsl-gmap\" class=\"wpsl-gmap-canvas\"><\/div>\r\n\t<div id=\"wpsl-result-list\">\r\n\t\t<div id=\"wpsl-stores\" >\r\n\t\t\t<ul><\/ul>\r\n\t\t<\/div>\r\n\t\t<div id=\"wpsl-direction-details\">\r\n\t\t\t<ul><\/ul>\r\n\t\t<\/div>\r\n\t<\/div>\r\n<\/div>\r\n[\/et_pb_code][\/et_pb_column][\/et_pb_row][\/et_pb_section][et_pb_section fb_built=&#8221;1&#8243; module_id=&#8221;kontakt&#8221; _builder_version=&#8221;4.0.9&#8243; background_image=&#8221;https:\/\/winnabutla.pl\/wp-content\/uploads\/2020\/03\/kontakt_tlo-1.jpg&#8221;][et_pb_row _builder_version=&#8221;4.0.9&#8243;][et_pb_column type=&#8221;4_4&#8243; _builder_version=&#8221;4.0.9&#8243;][et_pb_image src=&#8221;https:\/\/winnabutla.pl\/wp-content\/uploads\/2020\/03\/Kontakt-300&#215;50.png&#8221; align=&#8221;center&#8221; _builder_version=&#8221;4.0.9&#8243; max_width=&#8221;60%&#8221; custom_margin=&#8221;||4px|||&#8221;][\/et_pb_image][et_pb_text _builder_version=&#8221;4.0.9&#8243; text_font=&#8221;Montserrat||||||||&#8221; text_text_color=&#8221;#ffffff&#8221; text_font_size=&#8221;17px&#8221;]<\/p>\n<p style=\"text-align: center;\">Jeste\u015bmy otwarci na Pa\u0144stwa sugestie oraz zach\u0119camy do zadawania pyta\u0144.<br \/> Zapraszamy do kontaktu.<\/p>\n<p>[\/et_pb_text][et_pb_contact_form captcha=&#8221;off&#8221; email=&#8221;info@winnabutla.pl&#8221; _builder_version=&#8221;4.0.9&#8243; form_field_background_color=&#8221;rgba(247,247,247,0.88)&#8221; title_text_color=&#8221;#ffffff&#8221; custom_button=&#8221;on&#8221; button_text_color=&#8221;#000000&#8243; button_bg_color=&#8221;#ffffff&#8221; button_border_color=&#8221;rgba(0,0,0,0)&#8221;][et_pb_contact_field field_id=&#8221;Name&#8221; field_title=&#8221;Imi\u0119&#8221; _builder_version=&#8221;4.0.9&#8243; button_text_size__hover_enabled=&#8221;off&#8221; button_one_text_size__hover_enabled=&#8221;off&#8221; button_two_text_size__hover_enabled=&#8221;off&#8221; button_text_color__hover_enabled=&#8221;off&#8221; button_one_text_color__hover_enabled=&#8221;off&#8221; button_two_text_color__hover_enabled=&#8221;off&#8221; button_border_width__hover_enabled=&#8221;off&#8221; button_one_border_width__hover_enabled=&#8221;off&#8221; button_two_border_width__hover_enabled=&#8221;off&#8221; button_border_color__hover_enabled=&#8221;off&#8221; button_one_border_color__hover_enabled=&#8221;off&#8221; button_two_border_color__hover_enabled=&#8221;off&#8221; button_border_radius__hover_enabled=&#8221;off&#8221; button_one_border_radius__hover_enabled=&#8221;off&#8221; button_two_border_radius__hover_enabled=&#8221;off&#8221; button_letter_spacing__hover_enabled=&#8221;off&#8221; button_one_letter_spacing__hover_enabled=&#8221;off&#8221; button_two_letter_spacing__hover_enabled=&#8221;off&#8221; button_bg_color__hover_enabled=&#8221;off&#8221; button_one_bg_color__hover_enabled=&#8221;off&#8221; button_two_bg_color__hover_enabled=&#8221;off&#8221;][\/et_pb_contact_field][et_pb_contact_field field_id=&#8221;Email&#8221; field_title=&#8221;E-mail&#8221; field_type=&#8221;email&#8221; _builder_version=&#8221;4.0.9&#8243; button_text_size__hover_enabled=&#8221;off&#8221; button_one_text_size__hover_enabled=&#8221;off&#8221; button_two_text_size__hover_enabled=&#8221;off&#8221; button_text_color__hover_enabled=&#8221;off&#8221; button_one_text_color__hover_enabled=&#8221;off&#8221; button_two_text_color__hover_enabled=&#8221;off&#8221; button_border_width__hover_enabled=&#8221;off&#8221; button_one_border_width__hover_enabled=&#8221;off&#8221; button_two_border_width__hover_enabled=&#8221;off&#8221; button_border_color__hover_enabled=&#8221;off&#8221; button_one_border_color__hover_enabled=&#8221;off&#8221; button_two_border_color__hover_enabled=&#8221;off&#8221; button_border_radius__hover_enabled=&#8221;off&#8221; button_one_border_radius__hover_enabled=&#8221;off&#8221; button_two_border_radius__hover_enabled=&#8221;off&#8221; button_letter_spacing__hover_enabled=&#8221;off&#8221; button_one_letter_spacing__hover_enabled=&#8221;off&#8221; button_two_letter_spacing__hover_enabled=&#8221;off&#8221; button_bg_color__hover_enabled=&#8221;off&#8221; button_one_bg_color__hover_enabled=&#8221;off&#8221; button_two_bg_color__hover_enabled=&#8221;off&#8221;][\/et_pb_contact_field][et_pb_contact_field field_id=&#8221;Message&#8221; field_title=&#8221;Wiadomo\u015b\u0107&#8221; field_type=&#8221;text&#8221; fullwidth_field=&#8221;on&#8221; _builder_version=&#8221;4.0.9&#8243; button_text_size__hover_enabled=&#8221;off&#8221; button_one_text_size__hover_enabled=&#8221;off&#8221; button_two_text_size__hover_enabled=&#8221;off&#8221; button_text_color__hover_enabled=&#8221;off&#8221; button_one_text_color__hover_enabled=&#8221;off&#8221; button_two_text_color__hover_enabled=&#8221;off&#8221; button_border_width__hover_enabled=&#8221;off&#8221; button_one_border_width__hover_enabled=&#8221;off&#8221; button_two_border_width__hover_enabled=&#8221;off&#8221; button_border_color__hover_enabled=&#8221;off&#8221; button_one_border_color__hover_enabled=&#8221;off&#8221; button_two_border_color__hover_enabled=&#8221;off&#8221; button_border_radius__hover_enabled=&#8221;off&#8221; button_one_border_radius__hover_enabled=&#8221;off&#8221; button_two_border_radius__hover_enabled=&#8221;off&#8221; button_letter_spacing__hover_enabled=&#8221;off&#8221; button_one_letter_spacing__hover_enabled=&#8221;off&#8221; button_two_letter_spacing__hover_enabled=&#8221;off&#8221; button_bg_color__hover_enabled=&#8221;off&#8221; button_one_bg_color__hover_enabled=&#8221;off&#8221; button_two_bg_color__hover_enabled=&#8221;off&#8221;][\/et_pb_contact_field][et_pb_contact_field field_id=&#8221;Field_4&#8243; field_title=&#8221;.&#8221; field_type=&#8221;checkbox&#8221; checkbox_options=&#8221;%91{%22value%22:%22Wyra\u017cam zgod\u0119 na przetwarzanie danych%22,%22checked%22:0,%22dragID%22:-1}%93&#8243; fullwidth_field=&#8221;on&#8221; field_title_tablet=&#8221;&#8221; field_title_phone=&#8221;&#8221; field_title_last_edited=&#8221;on|desktop&#8221; _builder_version=&#8221;4.0.9&#8243; form_field_text_color=&#8221;#ffffff&#8221; form_field_font_size=&#8221;15px&#8221; custom_margin=&#8221;-49px||||false|false&#8221;][\/et_pb_contact_field][\/et_pb_contact_form][\/et_pb_column][\/et_pb_row][\/et_pb_section][et_pb_section fb_built=&#8221;1&#8243; _builder_version=&#8221;4.0.9&#8243; background_color=&#8221;#981b3a&#8221; custom_padding=&#8221;5px||0px|||&#8221;][et_pb_row column_structure=&#8221;1_3,1_3,1_3&#8243; _builder_version=&#8221;4.0.9&#8243; custom_padding=&#8221;6px||19px|||&#8221;][et_pb_column type=&#8221;1_3&#8243; _builder_version=&#8221;4.0.9&#8243;][et_pb_image src=&#8221;https:\/\/winnabutla.pl\/wp-content\/uploads\/2020\/03\/WINNA_BUTLA_LOGO-1.png&#8221; _builder_version=&#8221;4.0.9&#8243; height=&#8221;100px&#8221; max_height=&#8221;100px&#8221; custom_padding=&#8221;16px||9px|||&#8221;][\/et_pb_image][\/et_pb_column][et_pb_column type=&#8221;1_3&#8243; _builder_version=&#8221;4.0.9&#8243;][et_pb_text _builder_version=&#8221;4.0.9&#8243; text_text_color=&#8221;#ffffff&#8221; custom_margin=&#8221;11px||||false|false&#8221; custom_padding=&#8221;|||70px||&#8221; hover_enabled=&#8221;0&#8243;]<\/p>\n<p>Monolit Sp. z o. o.<br \/>KRS: 0000541645<br \/>ul. G\u0142\u00f3wna 33 , 86-302 Bia\u0142y B\u00f3r<\/p>\n<p>Sklep:<br \/>Szembruk 50, 86-318 Rog\u00f3\u017ano<\/p>\n<p>[\/et_pb_text][\/et_pb_column][et_pb_column type=&#8221;1_3&#8243; _builder_version=&#8221;4.0.9&#8243;][et_pb_menu menu_id=&#8221;8&#8243; active_link_color=&#8221;#ffffff&#8221; _builder_version=&#8221;4.0.9&#8243; menu_text_color=&#8221;#ffffff&#8221; background_enable_color=&#8221;off&#8221; custom_margin=&#8221;8px|||0px||&#8221; custom_padding=&#8221;|||133px|false|false&#8221;][\/et_pb_menu][et_pb_code _builder_version=&#8221;4.0.9&#8243;][\/et_pb_code][\/et_pb_column][\/et_pb_row][\/et_pb_section]<\/p>\n","protected":false},"excerpt":{"rendered":"<p>[et_pb_section fb_built=&#8221;1&#8243; inner_shadow=&#8221;on&#8221; _builder_version=&#8221;4.0.9&#8243; background_color=&#8221;rgba(0,0,0,0)&#8221; background_image=&#8221;https:\/\/winnabutla.pl\/wp-content\/uploads\/2021\/07\/2w41412-1.jpg&#8221; background_position=&#8221;top_left&#8221; background_enable_video_mp4=&#8221;off&#8221; custom_margin=&#8221;-158px||0px||false|false&#8221; custom_padding=&#8221;0px||0px|||&#8221;][et_pb_row column_structure=&#8221;1_2,1_2&#8243; custom_padding_last_edited=&#8221;on|phone&#8221; _builder_version=&#8221;4.0.9&#8243; min_height=&#8221;129px&#8221; custom_margin=&#8221;7px|auto|-14px|auto|false|false&#8221; custom_margin_tablet=&#8221;&#8221; custom_margin_phone=&#8221;-95px||||false|false&#8221; custom_margin_last_edited=&#8221;on|phone&#8221; custom_padding=&#8221;0px||85px||false|false&#8221; custom_padding_tablet=&#8221;&#8221; custom_padding_phone=&#8221;||0px||false|false&#8221;][et_pb_column type=&#8221;1_2&#8243; _builder_version=&#8221;4.0.9&#8243;][et_pb_text _builder_version=&#8221;4.0.9&#8243; text_font=&#8221;Forum||||||||&#8221; text_text_color=&#8221;#ffffff&#8221; text_font_size=&#8221;88px&#8221; text_letter_spacing=&#8221;2px&#8221; text_line_height=&#8221;1.1em&#8221; custom_padding=&#8221;199px||0px||false|false&#8221; custom_padding_tablet=&#8221;&#8221; custom_padding_phone=&#8221;45px||0px||false|false&#8221; custom_padding_last_edited=&#8221;on|phone&#8221; text_font_size_tablet=&#8221;&#8221; text_font_size_phone=&#8221;65px&#8221; text_font_size_last_edited=&#8221;on|phone&#8221; text_text_shadow_style=&#8221;preset1&#8243;] All you need is&#8230; WINE [\/et_pb_text][et_pb_button button_url=&#8221;#ofertawin&#8221; url_new_window=&#8221;on&#8221; button_text=&#8221;OFERTA&#8221; disabled_on=&#8221;off|off|off&#8221; _builder_version=&#8221;4.0.9&#8243; custom_button=&#8221;on&#8221; button_text_size=&#8221;17px&#8221; button_text_color=&#8221;#ffffff&#8221; button_border_width=&#8221;2px&#8221; custom_margin=&#8221;17px|0px|0px|14px|false|false&#8221; custom_margin_tablet=&#8221;&#8221; custom_margin_phone=&#8221;-49px||125px|25px|false|false&#8221; [&hellip;]<\/p>\n","protected":false},"author":1,"featured_media":0,"parent":0,"menu_order":0,"comment_status":"closed","ping_status":"closed","template":"","meta":{"_et_pb_use_builder":"on","_et_pb_old_content":"","footnotes":""},"_links":{"self":[{"href":"https:\/\/winnabutla.pl\/index.php\/wp-json\/wp\/v2\/pages\/1368"}],"collection":[{"href":"https:\/\/winnabutla.pl\/index.php\/wp-json\/wp\/v2\/pages"}],"about":[{"href":"https:\/\/winnabutla.pl\/index.php\/wp-json\/wp\/v2\/types\/page"}],"author":[{"embeddable":true,"href":"https:\/\/winnabutla.pl\/index.php\/wp-json\/wp\/v2\/users\/1"}],"replies":[{"embeddable":true,"href":"https:\/\/winnabutla.pl\/index.php\/wp-json\/wp\/v2\/comments?post=1368"}],"version-history":[{"count":113,"href":"https:\/\/winnabutla.pl\/index.php\/wp-json\/wp\/v2\/pages\/1368\/revisions"}],"predecessor-version":[{"id":2874,"href":"https:\/\/winnabutla.pl\/index.php\/wp-json\/wp\/v2\/pages\/1368\/revisions\/2874"}],"wp:attachment":[{"href":"https:\/\/winnabutla.pl\/index.php\/wp-json\/wp\/v2\/media?parent=1368"}],"curies":[{"name":"wp","href":"https:\/\/api.w.org\/{rel}","templated":true}]}}